{"id":648,"date":"2025-10-29T18:26:27","date_gmt":"2025-10-29T16:26:27","guid":{"rendered":"https:\/\/kaabooclinica.com\/carrito"},"modified":"2025-12-04T19:50:12","modified_gmt":"2025-12-04T17:50:12","slug":"carrito","status":"publish","type":"page","link":"https:\/\/kaabooclinica.com\/en\/carrito","title":{"rendered":"Carrito"},"content":{"rendered":"<div data-block-name=\"woocommerce\/cart\" class=\"wp-block-woocommerce-cart alignwide is-loading\">\n<div data-block-name=\"woocommerce\/filled-cart-block\" class=\"wp-block-woocommerce-filled-cart-block\">\n<div data-block-name=\"woocommerce\/cart-items-block\" class=\"wp-block-woocommerce-cart-items-block\">\n<div data-block-name=\"woocommerce\/cart-line-items-block\" class=\"wp-block-woocommerce-cart-line-items-block\"><\/div>\n\n\n<\/div>\n\n\n\n\n<div data-block-name=\"woocommerce\/cart-totals-block\" class=\"wp-block-woocommerce-cart-totals-block\">\n<div data-block-name=\"woocommerce\/cart-order-summary-block\" class=\"wp-block-woocommerce-cart-order-summary-block\">\n<div data-block-name=\"woocommerce\/cart-order-summary-heading-block\" class=\"wp-block-woocommerce-cart-order-summary-heading-block\"><\/div><div data-block-name=\"woocommerce\/cart-order-summary-coupon-form-block\" class=\"wp-block-woocommerce-cart-order-summary-coupon-form-block\"><\/div><div data-block-name=\"woocommerce\/cart-order-summary-totals-block\" class=\"wp-block-woocommerce-cart-order-summary-totals-block\">\n<div data-block-name=\"woocommerce\/cart-order-summary-subtotal-block\" class=\"wp-block-woocommerce-cart-order-summary-subtotal-block\"><\/div>\n<div data-block-name=\"woocommerce\/cart-order-summary-discount-block\" class=\"wp-block-woocommerce-cart-order-summary-discount-block\"><\/div>\n<div data-block-name=\"woocommerce\/cart-order-summary-fee-block\" class=\"wp-block-woocommerce-cart-order-summary-fee-block\"><\/div>\n<div data-block-name=\"woocommerce\/cart-order-summary-shipping-block\" class=\"wp-block-woocommerce-cart-order-summary-shipping-block\"><\/div>\n<div data-block-name=\"woocommerce\/cart-order-summary-taxes-block\" class=\"wp-block-woocommerce-cart-order-summary-taxes-block\"><\/div><\/div>\n<\/div>\n\n\n\n<div data-block-name=\"woocommerce\/cart-express-payment-block\" class=\"wp-block-woocommerce-cart-express-payment-block\"><\/div>\n\n\n\n<div data-block-name=\"woocommerce\/proceed-to-checkout-block\" class=\"wp-block-woocommerce-proceed-to-checkout-block\"><\/div>\n\n\n\n<div data-block-name=\"woocommerce\/cart-accepted-payment-methods-block\" class=\"wp-block-woocommerce-cart-accepted-payment-methods-block\"><\/div>\n<\/div>\n<\/div>\n\n\n\n<div data-block-name=\"woocommerce\/empty-cart-block\" class=\"wp-block-woocommerce-empty-cart-block\">\n<h2 class=\"wp-block-heading has-text-align-center with-empty-cart-icon wc-block-cart__empty-cart__title\">\u00a1Tu carrito est\u00e1 actualmente vac\u00edo!<\/h2>\n\n\n\n<hr class=\"wp-block-separator has-alpha-channel-opacity is-style-dots\"\/>\n\n\n\n<h2 class=\"wp-block-heading has-text-align-center\">Nuevo en la tienda<\/h2>\n\n\n<div data-block-name=\"woocommerce\/product-new\" data-columns=\"4\" data-rows=\"1\" class=\"wc-block-grid wp-block-product-new wp-block-woocommerce-product-new wc-block-product-new has-4-columns\"><ul class=\"wc-block-grid__products\"><li class=\"wc-block-grid__product\">\n\t\t\t\t<a href=\"https:\/\/kaabooclinica.com\/en\/product\/demo\" class=\"wc-block-grid__product-link\">\n\t\t\t\t\t\n\t\t\t\t\t<div class=\"wc-block-grid__product-image\"><img loading=\"lazy\" decoding=\"async\" width=\"300\" height=\"300\" src=\"https:\/\/kaabooclinica.com\/wp-content\/uploads\/2023\/12\/bg-300x300.jpg\" class=\"attachment-woocommerce_thumbnail size-woocommerce_thumbnail\" alt=\"Demo\" srcset=\"https:\/\/kaabooclinica.com\/wp-content\/uploads\/2023\/12\/bg-300x300.jpg 300w, https:\/\/kaabooclinica.com\/wp-content\/uploads\/2023\/12\/bg-150x150.jpg 150w\" sizes=\"auto, (max-width: 300px) 100vw, 300px\" \/><\/div>\n\t\t\t\t\t<div class=\"wc-block-grid__product-title\">Demo<\/div>\n\t\t\t\t<\/a>\n\t\t\t\t<div class=\"wc-block-grid__product-price price\"><span class=\"woocommerce-Price-amount amount\">10,00&nbsp;<span class=\"woocommerce-Price-currencySymbol\">&euro;<\/span><\/span><\/div>\n\t\t\t\t\n\t\t\t\t<div class=\"wp-block-button wc-block-grid__product-add-to-cart\"><a href=\"\/en\/wp-json\/wp\/v2\/pages\/648?add-to-cart=700\" aria-label=\"Add to cart: \u201cDemo\u201d\" data-quantity=\"1\" data-product_id=\"700\" data-product_sku=\"\" data-price=\"10\" rel=\"nofollow\" class=\"wp-block-button__link wp-element-button add_to_cart_button ajax_add_to_cart\" data-no-translation=\"\" data-trp-gettext=\"\" data-no-translation-aria-label=\"\">Add to cart<\/a><\/div>\n\t\t\t<\/li><\/ul><\/div><\/div>\n<\/div>","protected":false},"excerpt":{"rendered":"Puede que est\u00e9s interesado en&hellip; \u00a1Tu carrito est\u00e1 actualmente vac\u00edo! Nuevo en la tienda","protected":false},"author":1,"featured_media":0,"parent":0,"menu_order":0,"comment_status":"closed","ping_status":"closed","template":"","meta":{"_acf_changed":false,"_joinchat":[],"footnotes":""},"class_list":["post-648","page","type-page","status-publish","hentry"],"acf":[],"yoast_head":"<!-- This site is optimized with the Yoast SEO plugin v27.4 - https:\/\/yoast.com\/product\/yoast-seo-wordpress\/ -->\n<title>Carrito - Ka\u00e4boo Cl\u00ednica<\/title>\n<meta name=\"robots\" content=\"index, follow, max-snippet:-1, max-image-preview:large, max-video-preview:-1\" \/>\n<link rel=\"canonical\" href=\"https:\/\/kaabooclinica.com\/en\/carrito\/\" \/>\n<meta property=\"og:locale\" content=\"en_US\" \/>\n<meta property=\"og:type\" content=\"article\" \/>\n<meta property=\"og:title\" content=\"Carrito - Ka\u00e4boo Cl\u00ednica\" \/>\n<meta property=\"og:url\" content=\"https:\/\/kaabooclinica.com\/en\/carrito\/\" \/>\n<meta property=\"og:site_name\" content=\"Ka\u00e4boo Cl\u00ednica\" \/>\n<meta property=\"article:modified_time\" content=\"2025-12-04T17:50:12+00:00\" \/>\n<meta name=\"twitter:card\" content=\"summary_large_image\" \/>\n<script type=\"application\/ld+json\" class=\"yoast-schema-graph\">{\"@context\":\"https:\\\/\\\/schema.org\",\"@graph\":[{\"@type\":\"WebPage\",\"@id\":\"https:\\\/\\\/kaabooclinica.com\\\/carrito\",\"url\":\"https:\\\/\\\/kaabooclinica.com\\\/carrito\",\"name\":\"Carrito - Ka\u00e4boo Cl\u00ednica\",\"isPartOf\":{\"@id\":\"https:\\\/\\\/kaabooclinica.com\\\/en\\\/#website\"},\"datePublished\":\"2025-10-29T16:26:27+00:00\",\"dateModified\":\"2025-12-04T17:50:12+00:00\",\"breadcrumb\":{\"@id\":\"https:\\\/\\\/kaabooclinica.com\\\/carrito#breadcrumb\"},\"inLanguage\":\"en-US\",\"potentialAction\":[{\"@type\":\"ReadAction\",\"target\":[\"https:\\\/\\\/kaabooclinica.com\\\/carrito\"]}]},{\"@type\":\"BreadcrumbList\",\"@id\":\"https:\\\/\\\/kaabooclinica.com\\\/carrito#breadcrumb\",\"itemListElement\":[{\"@type\":\"ListItem\",\"position\":1,\"name\":\"Portada\",\"item\":\"https:\\\/\\\/kaabooclinica.com\\\/en\\\/\"},{\"@type\":\"ListItem\",\"position\":2,\"name\":\"Carrito\"}]},{\"@type\":\"WebSite\",\"@id\":\"https:\\\/\\\/kaabooclinica.com\\\/en\\\/#website\",\"url\":\"https:\\\/\\\/kaabooclinica.com\\\/en\\\/\",\"name\":\"Ka\u00e4boo Cl\u00ednica\",\"description\":\"Nutrici\u00f3n y Medicina Est\u00e9tica Integral\",\"alternateName\":\"Nutrici\u00f3n, psicolog\u00eda, fisioterapia y medicina est\u00e9tica.\",\"potentialAction\":[{\"@type\":\"SearchAction\",\"target\":{\"@type\":\"EntryPoint\",\"urlTemplate\":\"https:\\\/\\\/kaabooclinica.com\\\/en\\\/?s={search_term_string}\"},\"query-input\":{\"@type\":\"PropertyValueSpecification\",\"valueRequired\":true,\"valueName\":\"search_term_string\"}}],\"inLanguage\":\"en-US\"}]}<\/script>\n<!-- \/ Yoast SEO plugin. -->","yoast_head_json":{"title":"Carrito - Ka\u00e4boo Cl\u00ednica","robots":{"index":"index","follow":"follow","max-snippet":"max-snippet:-1","max-image-preview":"max-image-preview:large","max-video-preview":"max-video-preview:-1"},"canonical":"https:\/\/kaabooclinica.com\/en\/carrito\/","og_locale":"en_US","og_type":"article","og_title":"Carrito - Ka\u00e4boo Cl\u00ednica","og_url":"https:\/\/kaabooclinica.com\/en\/carrito\/","og_site_name":"Ka\u00e4boo Cl\u00ednica","article_modified_time":"2025-12-04T17:50:12+00:00","twitter_card":"summary_large_image","schema":{"@context":"https:\/\/schema.org","@graph":[{"@type":"WebPage","@id":"https:\/\/kaabooclinica.com\/carrito","url":"https:\/\/kaabooclinica.com\/carrito","name":"Carrito - Ka\u00e4boo Cl\u00ednica","isPartOf":{"@id":"https:\/\/kaabooclinica.com\/en\/#website"},"datePublished":"2025-10-29T16:26:27+00:00","dateModified":"2025-12-04T17:50:12+00:00","breadcrumb":{"@id":"https:\/\/kaabooclinica.com\/carrito#breadcrumb"},"inLanguage":"en-US","potentialAction":[{"@type":"ReadAction","target":["https:\/\/kaabooclinica.com\/carrito"]}]},{"@type":"BreadcrumbList","@id":"https:\/\/kaabooclinica.com\/carrito#breadcrumb","itemListElement":[{"@type":"ListItem","position":1,"name":"Portada","item":"https:\/\/kaabooclinica.com\/en\/"},{"@type":"ListItem","position":2,"name":"Carrito"}]},{"@type":"WebSite","@id":"https:\/\/kaabooclinica.com\/en\/#website","url":"https:\/\/kaabooclinica.com\/en\/","name":"Kaaboo Clinic","description":"Nutrition and Comprehensive Aesthetic Medicine","alternateName":"Nutrici\u00f3n, psicolog\u00eda, fisioterapia y medicina est\u00e9tica.","potentialAction":[{"@type":"SearchAction","target":{"@type":"EntryPoint","urlTemplate":"https:\/\/kaabooclinica.com\/en\/?s={search_term_string}"},"query-input":{"@type":"PropertyValueSpecification","valueRequired":true,"valueName":"search_term_string"}}],"inLanguage":"en-US"}]}},"_links":{"self":[{"href":"https:\/\/kaabooclinica.com\/en\/wp-json\/wp\/v2\/pages\/648","targetHints":{"allow":["GET"]}}],"collection":[{"href":"https:\/\/kaabooclinica.com\/en\/wp-json\/wp\/v2\/pages"}],"about":[{"href":"https:\/\/kaabooclinica.com\/en\/wp-json\/wp\/v2\/types\/page"}],"author":[{"embeddable":true,"href":"https:\/\/kaabooclinica.com\/en\/wp-json\/wp\/v2\/users\/1"}],"replies":[{"embeddable":true,"href":"https:\/\/kaabooclinica.com\/en\/wp-json\/wp\/v2\/comments?post=648"}],"version-history":[{"count":1,"href":"https:\/\/kaabooclinica.com\/en\/wp-json\/wp\/v2\/pages\/648\/revisions"}],"predecessor-version":[{"id":719,"href":"https:\/\/kaabooclinica.com\/en\/wp-json\/wp\/v2\/pages\/648\/revisions\/719"}],"wp:attachment":[{"href":"https:\/\/kaabooclinica.com\/en\/wp-json\/wp\/v2\/media?parent=648"}],"curies":[{"name":"wp","href":"https:\/\/api.w.org\/{rel}","templated":true}]}}