{"id":84,"date":"2023-09-23T17:14:47","date_gmt":"2023-09-23T15:14:47","guid":{"rendered":"https:\/\/kaabooclinica.com\/?page_id=84"},"modified":"2023-09-23T17:14:49","modified_gmt":"2023-09-23T15:14:49","slug":"privacidad","status":"publish","type":"page","link":"https:\/\/kaabooclinica.com\/en\/privacidad","title":{"rendered":"Privacy"},"content":{"rendered":"","protected":false},"excerpt":{"rendered":"","protected":false},"author":1,"featured_media":0,"parent":0,"menu_order":0,"comment_status":"closed","ping_status":"closed","template":"","meta":{"_acf_changed":false,"_joinchat":[],"footnotes":""},"class_list":["post-84","page","type-page","status-publish","hentry"],"acf":[],"yoast_head":"<!-- This site is optimized with the Yoast SEO plugin v27.3 - https:\/\/yoast.com\/product\/yoast-seo-wordpress\/ -->\n<title>Privacidad - Ka\u00e4boo Cl\u00ednica<\/title>\n<meta name=\"robots\" content=\"index, follow, max-snippet:-1, max-image-preview:large, max-video-preview:-1\" \/>\n<link rel=\"canonical\" href=\"https:\/\/kaabooclinica.com\/en\/privacidad\/\" \/>\n<meta property=\"og:locale\" content=\"en_US\" \/>\n<meta property=\"og:type\" content=\"article\" \/>\n<meta property=\"og:title\" content=\"Privacidad - Ka\u00e4boo Cl\u00ednica\" \/>\n<meta property=\"og:url\" content=\"https:\/\/kaabooclinica.com\/en\/privacidad\/\" \/>\n<meta property=\"og:site_name\" content=\"Ka\u00e4boo Cl\u00ednica\" \/>\n<meta property=\"article:modified_time\" content=\"2023-09-23T15:14:49+00:00\" \/>\n<meta name=\"twitter:card\" content=\"summary_large_image\" \/>\n<script type=\"application\/ld+json\" class=\"yoast-schema-graph\">{\"@context\":\"https:\\\/\\\/schema.org\",\"@graph\":[{\"@type\":\"WebPage\",\"@id\":\"https:\\\/\\\/kaabooclinica.com\\\/privacidad\",\"url\":\"https:\\\/\\\/kaabooclinica.com\\\/privacidad\",\"name\":\"Privacidad - Ka\u00e4boo Cl\u00ednica\",\"isPartOf\":{\"@id\":\"https:\\\/\\\/kaabooclinica.com\\\/en\\\/#website\"},\"datePublished\":\"2023-09-23T15:14:47+00:00\",\"dateModified\":\"2023-09-23T15:14:49+00:00\",\"breadcrumb\":{\"@id\":\"https:\\\/\\\/kaabooclinica.com\\\/privacidad#breadcrumb\"},\"inLanguage\":\"en-US\",\"potentialAction\":[{\"@type\":\"ReadAction\",\"target\":[\"https:\\\/\\\/kaabooclinica.com\\\/privacidad\"]}]},{\"@type\":\"BreadcrumbList\",\"@id\":\"https:\\\/\\\/kaabooclinica.com\\\/privacidad#breadcrumb\",\"itemListElement\":[{\"@type\":\"ListItem\",\"position\":1,\"name\":\"Portada\",\"item\":\"https:\\\/\\\/kaabooclinica.com\\\/en\\\/\"},{\"@type\":\"ListItem\",\"position\":2,\"name\":\"Privacidad\"}]},{\"@type\":\"WebSite\",\"@id\":\"https:\\\/\\\/kaabooclinica.com\\\/en\\\/#website\",\"url\":\"https:\\\/\\\/kaabooclinica.com\\\/en\\\/\",\"name\":\"Ka\u00e4boo Cl\u00ednica\",\"description\":\"Nutrici\u00f3n y Medicina Est\u00e9tica Integral\",\"alternateName\":\"Nutrici\u00f3n, psicolog\u00eda, fisioterapia y medicina est\u00e9tica.\",\"potentialAction\":[{\"@type\":\"SearchAction\",\"target\":{\"@type\":\"EntryPoint\",\"urlTemplate\":\"https:\\\/\\\/kaabooclinica.com\\\/en\\\/?s={search_term_string}\"},\"query-input\":{\"@type\":\"PropertyValueSpecification\",\"valueRequired\":true,\"valueName\":\"search_term_string\"}}],\"inLanguage\":\"en-US\"}]}<\/script>\n<!-- \/ Yoast SEO plugin. -->","yoast_head_json":{"title":"Privacidad - Ka\u00e4boo Cl\u00ednica","robots":{"index":"index","follow":"follow","max-snippet":"max-snippet:-1","max-image-preview":"max-image-preview:large","max-video-preview":"max-video-preview:-1"},"canonical":"https:\/\/kaabooclinica.com\/en\/privacidad\/","og_locale":"en_US","og_type":"article","og_title":"Privacidad - Ka\u00e4boo Cl\u00ednica","og_url":"https:\/\/kaabooclinica.com\/en\/privacidad\/","og_site_name":"Ka\u00e4boo Cl\u00ednica","article_modified_time":"2023-09-23T15:14:49+00:00","twitter_card":"summary_large_image","schema":{"@context":"https:\/\/schema.org","@graph":[{"@type":"WebPage","@id":"https:\/\/kaabooclinica.com\/privacidad","url":"https:\/\/kaabooclinica.com\/privacidad","name":"Privacidad - Ka\u00e4boo Cl\u00ednica","isPartOf":{"@id":"https:\/\/kaabooclinica.com\/en\/#website"},"datePublished":"2023-09-23T15:14:47+00:00","dateModified":"2023-09-23T15:14:49+00:00","breadcrumb":{"@id":"https:\/\/kaabooclinica.com\/privacidad#breadcrumb"},"inLanguage":"en-US","potentialAction":[{"@type":"ReadAction","target":["https:\/\/kaabooclinica.com\/privacidad"]}]},{"@type":"BreadcrumbList","@id":"https:\/\/kaabooclinica.com\/privacidad#breadcrumb","itemListElement":[{"@type":"ListItem","position":1,"name":"Portada","item":"https:\/\/kaabooclinica.com\/en\/"},{"@type":"ListItem","position":2,"name":"Privacidad"}]},{"@type":"WebSite","@id":"https:\/\/kaabooclinica.com\/en\/#website","url":"https:\/\/kaabooclinica.com\/en\/","name":"Kaaboo Clinic","description":"Nutrition and Comprehensive Aesthetic Medicine","alternateName":"Nutrici\u00f3n, psicolog\u00eda, fisioterapia y medicina est\u00e9tica.","potentialAction":[{"@type":"SearchAction","target":{"@type":"EntryPoint","urlTemplate":"https:\/\/kaabooclinica.com\/en\/?s={search_term_string}"},"query-input":{"@type":"PropertyValueSpecification","valueRequired":true,"valueName":"search_term_string"}}],"inLanguage":"en-US"}]}},"_links":{"self":[{"href":"https:\/\/kaabooclinica.com\/en\/wp-json\/wp\/v2\/pages\/84","targetHints":{"allow":["GET"]}}],"collection":[{"href":"https:\/\/kaabooclinica.com\/en\/wp-json\/wp\/v2\/pages"}],"about":[{"href":"https:\/\/kaabooclinica.com\/en\/wp-json\/wp\/v2\/types\/page"}],"author":[{"embeddable":true,"href":"https:\/\/kaabooclinica.com\/en\/wp-json\/wp\/v2\/users\/1"}],"replies":[{"embeddable":true,"href":"https:\/\/kaabooclinica.com\/en\/wp-json\/wp\/v2\/comments?post=84"}],"version-history":[{"count":1,"href":"https:\/\/kaabooclinica.com\/en\/wp-json\/wp\/v2\/pages\/84\/revisions"}],"predecessor-version":[{"id":85,"href":"https:\/\/kaabooclinica.com\/en\/wp-json\/wp\/v2\/pages\/84\/revisions\/85"}],"wp:attachment":[{"href":"https:\/\/kaabooclinica.com\/en\/wp-json\/wp\/v2\/media?parent=84"}],"curies":[{"name":"wp","href":"https:\/\/api.w.org\/{rel}","templated":true}]}}