{"id":88,"date":"2023-09-23T17:15:10","date_gmt":"2023-09-23T15:15:10","guid":{"rendered":"https:\/\/kaabooclinica.com\/?page_id=88"},"modified":"2024-06-29T18:09:15","modified_gmt":"2024-06-29T16:09:15","slug":"contacto","status":"publish","type":"page","link":"https:\/\/kaabooclinica.com\/en\/contacto","title":{"rendered":"Contact"},"content":{"rendered":"","protected":false},"excerpt":{"rendered":"","protected":false},"author":1,"featured_media":190,"parent":0,"menu_order":0,"comment_status":"closed","ping_status":"closed","template":"","meta":{"_acf_changed":false,"_joinchat":[],"footnotes":""},"class_list":["post-88","page","type-page","status-publish","has-post-thumbnail","hentry"],"acf":[],"yoast_head":"<!-- This site is optimized with the Yoast SEO plugin v27.3 - https:\/\/yoast.com\/product\/yoast-seo-wordpress\/ -->\n<title>Contacto - Ka\u00e4boo Cl\u00ednica<\/title>\n<meta name=\"robots\" content=\"index, follow, max-snippet:-1, max-image-preview:large, max-video-preview:-1\" \/>\n<link rel=\"canonical\" href=\"https:\/\/kaabooclinica.com\/en\/contacto\/\" \/>\n<meta property=\"og:locale\" content=\"en_US\" \/>\n<meta property=\"og:type\" content=\"article\" \/>\n<meta property=\"og:title\" content=\"Contacto - Ka\u00e4boo Cl\u00ednica\" \/>\n<meta property=\"og:url\" content=\"https:\/\/kaabooclinica.com\/en\/contacto\/\" \/>\n<meta property=\"og:site_name\" content=\"Ka\u00e4boo Cl\u00ednica\" \/>\n<meta property=\"article:modified_time\" content=\"2024-06-29T16:09:15+00:00\" \/>\n<meta property=\"og:image\" content=\"https:\/\/kaabooclinica.com\/wp-content\/uploads\/2023\/12\/IMG_F98C927731CC-13.jpeg\" \/>\n\t<meta property=\"og:image:width\" content=\"1112\" \/>\n\t<meta property=\"og:image:height\" content=\"1112\" \/>\n\t<meta property=\"og:image:type\" content=\"image\/jpeg\" \/>\n<meta name=\"twitter:card\" content=\"summary_large_image\" \/>\n<script type=\"application\/ld+json\" class=\"yoast-schema-graph\">{\"@context\":\"https:\\\/\\\/schema.org\",\"@graph\":[{\"@type\":\"WebPage\",\"@id\":\"https:\\\/\\\/kaabooclinica.com\\\/contacto\",\"url\":\"https:\\\/\\\/kaabooclinica.com\\\/contacto\",\"name\":\"Contacto - Ka\u00e4boo Cl\u00ednica\",\"isPartOf\":{\"@id\":\"https:\\\/\\\/kaabooclinica.com\\\/en\\\/#website\"},\"primaryImageOfPage\":{\"@id\":\"https:\\\/\\\/kaabooclinica.com\\\/contacto#primaryimage\"},\"image\":{\"@id\":\"https:\\\/\\\/kaabooclinica.com\\\/contacto#primaryimage\"},\"thumbnailUrl\":\"https:\\\/\\\/kaabooclinica.com\\\/wp-content\\\/uploads\\\/2023\\\/12\\\/IMG_F98C927731CC-13.jpeg\",\"datePublished\":\"2023-09-23T15:15:10+00:00\",\"dateModified\":\"2024-06-29T16:09:15+00:00\",\"breadcrumb\":{\"@id\":\"https:\\\/\\\/kaabooclinica.com\\\/contacto#breadcrumb\"},\"inLanguage\":\"en-US\",\"potentialAction\":[{\"@type\":\"ReadAction\",\"target\":[\"https:\\\/\\\/kaabooclinica.com\\\/contacto\"]}]},{\"@type\":\"ImageObject\",\"inLanguage\":\"en-US\",\"@id\":\"https:\\\/\\\/kaabooclinica.com\\\/contacto#primaryimage\",\"url\":\"https:\\\/\\\/kaabooclinica.com\\\/wp-content\\\/uploads\\\/2023\\\/12\\\/IMG_F98C927731CC-13.jpeg\",\"contentUrl\":\"https:\\\/\\\/kaabooclinica.com\\\/wp-content\\\/uploads\\\/2023\\\/12\\\/IMG_F98C927731CC-13.jpeg\",\"width\":1112,\"height\":1112,\"caption\":\"Ka\u00e4boo Cl\u00ednica experta en nutrici\u00f3n y medicina est\u00e9tica en L'Eliana (Valencia) contacto\"},{\"@type\":\"BreadcrumbList\",\"@id\":\"https:\\\/\\\/kaabooclinica.com\\\/contacto#breadcrumb\",\"itemListElement\":[{\"@type\":\"ListItem\",\"position\":1,\"name\":\"Portada\",\"item\":\"https:\\\/\\\/kaabooclinica.com\\\/en\\\/\"},{\"@type\":\"ListItem\",\"position\":2,\"name\":\"Contacto\"}]},{\"@type\":\"WebSite\",\"@id\":\"https:\\\/\\\/kaabooclinica.com\\\/en\\\/#website\",\"url\":\"https:\\\/\\\/kaabooclinica.com\\\/en\\\/\",\"name\":\"Ka\u00e4boo Cl\u00ednica\",\"description\":\"Nutrici\u00f3n y Medicina Est\u00e9tica Integral\",\"alternateName\":\"Nutrici\u00f3n, psicolog\u00eda, fisioterapia y medicina est\u00e9tica.\",\"potentialAction\":[{\"@type\":\"SearchAction\",\"target\":{\"@type\":\"EntryPoint\",\"urlTemplate\":\"https:\\\/\\\/kaabooclinica.com\\\/en\\\/?s={search_term_string}\"},\"query-input\":{\"@type\":\"PropertyValueSpecification\",\"valueRequired\":true,\"valueName\":\"search_term_string\"}}],\"inLanguage\":\"en-US\"}]}<\/script>\n<!-- \/ Yoast SEO plugin. -->","yoast_head_json":{"title":"Contacto - Ka\u00e4boo Cl\u00ednica","robots":{"index":"index","follow":"follow","max-snippet":"max-snippet:-1","max-image-preview":"max-image-preview:large","max-video-preview":"max-video-preview:-1"},"canonical":"https:\/\/kaabooclinica.com\/en\/contacto\/","og_locale":"en_US","og_type":"article","og_title":"Contacto - Ka\u00e4boo Cl\u00ednica","og_url":"https:\/\/kaabooclinica.com\/en\/contacto\/","og_site_name":"Ka\u00e4boo Cl\u00ednica","article_modified_time":"2024-06-29T16:09:15+00:00","og_image":[{"width":1112,"height":1112,"url":"https:\/\/kaabooclinica.com\/wp-content\/uploads\/2023\/12\/IMG_F98C927731CC-13.jpeg","type":"image\/jpeg"}],"twitter_card":"summary_large_image","schema":{"@context":"https:\/\/schema.org","@graph":[{"@type":"WebPage","@id":"https:\/\/kaabooclinica.com\/contacto","url":"https:\/\/kaabooclinica.com\/contacto","name":"Contacto - Ka\u00e4boo Cl\u00ednica","isPartOf":{"@id":"https:\/\/kaabooclinica.com\/en\/#website"},"primaryImageOfPage":{"@id":"https:\/\/kaabooclinica.com\/contacto#primaryimage"},"image":{"@id":"https:\/\/kaabooclinica.com\/contacto#primaryimage"},"thumbnailUrl":"https:\/\/kaabooclinica.com\/wp-content\/uploads\/2023\/12\/IMG_F98C927731CC-13.jpeg","datePublished":"2023-09-23T15:15:10+00:00","dateModified":"2024-06-29T16:09:15+00:00","breadcrumb":{"@id":"https:\/\/kaabooclinica.com\/contacto#breadcrumb"},"inLanguage":"en-US","potentialAction":[{"@type":"ReadAction","target":["https:\/\/kaabooclinica.com\/contacto"]}]},{"@type":"ImageObject","inLanguage":"en-US","@id":"https:\/\/kaabooclinica.com\/contacto#primaryimage","url":"https:\/\/kaabooclinica.com\/wp-content\/uploads\/2023\/12\/IMG_F98C927731CC-13.jpeg","contentUrl":"https:\/\/kaabooclinica.com\/wp-content\/uploads\/2023\/12\/IMG_F98C927731CC-13.jpeg","width":1112,"height":1112,"caption":"Ka\u00e4boo Cl\u00ednica experta en nutrici\u00f3n y medicina est\u00e9tica en L'Eliana (Valencia) contacto"},{"@type":"BreadcrumbList","@id":"https:\/\/kaabooclinica.com\/contacto#breadcrumb","itemListElement":[{"@type":"ListItem","position":1,"name":"Portada","item":"https:\/\/kaabooclinica.com\/en\/"},{"@type":"ListItem","position":2,"name":"Contacto"}]},{"@type":"WebSite","@id":"https:\/\/kaabooclinica.com\/en\/#website","url":"https:\/\/kaabooclinica.com\/en\/","name":"Kaaboo Clinic","description":"Nutrition and Comprehensive Aesthetic Medicine","alternateName":"Nutrici\u00f3n, psicolog\u00eda, fisioterapia y medicina est\u00e9tica.","potentialAction":[{"@type":"SearchAction","target":{"@type":"EntryPoint","urlTemplate":"https:\/\/kaabooclinica.com\/en\/?s={search_term_string}"},"query-input":{"@type":"PropertyValueSpecification","valueRequired":true,"valueName":"search_term_string"}}],"inLanguage":"en-US"}]}},"_links":{"self":[{"href":"https:\/\/kaabooclinica.com\/en\/wp-json\/wp\/v2\/pages\/88","targetHints":{"allow":["GET"]}}],"collection":[{"href":"https:\/\/kaabooclinica.com\/en\/wp-json\/wp\/v2\/pages"}],"about":[{"href":"https:\/\/kaabooclinica.com\/en\/wp-json\/wp\/v2\/types\/page"}],"author":[{"embeddable":true,"href":"https:\/\/kaabooclinica.com\/en\/wp-json\/wp\/v2\/users\/1"}],"replies":[{"embeddable":true,"href":"https:\/\/kaabooclinica.com\/en\/wp-json\/wp\/v2\/comments?post=88"}],"version-history":[{"count":1,"href":"https:\/\/kaabooclinica.com\/en\/wp-json\/wp\/v2\/pages\/88\/revisions"}],"predecessor-version":[{"id":89,"href":"https:\/\/kaabooclinica.com\/en\/wp-json\/wp\/v2\/pages\/88\/revisions\/89"}],"wp:featuredmedia":[{"embeddable":true,"href":"https:\/\/kaabooclinica.com\/en\/wp-json\/wp\/v2\/media\/190"}],"wp:attachment":[{"href":"https:\/\/kaabooclinica.com\/en\/wp-json\/wp\/v2\/media?parent=88"}],"curies":[{"name":"wp","href":"https:\/\/api.w.org\/{rel}","templated":true}]}}